{"id":72,"date":"2024-11-21T00:15:57","date_gmt":"2024-11-21T00:15:57","guid":{"rendered":"https:\/\/torresmella.com\/?page_id=72"},"modified":"2024-12-12T00:14:39","modified_gmt":"2024-12-12T00:14:39","slug":"contacto","status":"publish","type":"page","link":"https:\/\/torresmella.com\/en\/contacto\/","title":{"rendered":"Contact Us"},"content":{"rendered":"\t\t<div data-elementor-type=\"wp-page\" data-elementor-id=\"72\" class=\"elementor elementor-72\" data-elementor-settings=\"{&quot;ha_cmc_init_switcher&quot;:&quot;no&quot;}\">\n\t\t\t\t<div class=\"elementor-element elementor-element-71e9301 e-flex e-con-boxed e-con e-parent\" data-id=\"71e9301\" data-element_type=\"container\" data-e-type=\"container\" data-settings=\"{&quot;background_background&quot;:&quot;classic&quot;,&quot;jet_parallax_layout_list&quot;:[],&quot;_ha_eqh_enable&quot;:false}\">\n\t\t\t\t\t<div class=\"e-con-inner\">\n\t\t<div class=\"elementor-element elementor-element-e5138a4 e-con-full e-flex e-con e-child\" data-id=\"e5138a4\" data-element_type=\"container\" data-e-type=\"container\" data-settings=\"{&quot;background_background&quot;:&quot;classic&quot;,&quot;jet_parallax_layout_list&quot;:[],&quot;_ha_eqh_enable&quot;:false}\">\n\t\t\t\t<div class=\"elementor-element elementor-element-71063e1 elementor-widget elementor-widget-heading\" data-id=\"71063e1\" data-element_type=\"widget\" data-e-type=\"widget\" data-widget_type=\"heading.default\">\n\t\t\t\t<div class=\"elementor-widget-container\">\n\t\t\t\t\t<h2 class=\"elementor-heading-title elementor-size-default\">CONT\u00c1CTANOS<\/h2>\t\t\t\t<\/div>\n\t\t\t\t<\/div>\n\t\t\t\t<div class=\"elementor-element elementor-element-b2cba2a elementor-widget elementor-widget-text-editor\" data-id=\"b2cba2a\" data-element_type=\"widget\" data-e-type=\"widget\" data-widget_type=\"text-editor.default\">\n\t\t\t\t<div class=\"elementor-widget-container\">\n\t\t\t\t\t\t\t\t\t<p>En Torres Mella Co., estamos listos para impulsar tu marca. Ya sea que busques estrategias de marketing innovadoras o una campa\u00f1a de publicidad que deje huella, estamos aqu\u00ed para ayudarte. Cont\u00e1ctanos y descubramos juntos c\u00f3mo llevar tu marca al siguiente nivel.<\/p>\t\t\t\t\t\t\t\t<\/div>\n\t\t\t\t<\/div>\n\t\t\t\t<div class=\"elementor-element elementor-element-0075bab elementor-align-center elementor-widget__width-auto elementor-icon-list--layout-traditional elementor-list-item-link-full_width ha-has-bg-overlay elementor-widget elementor-widget-icon-list\" data-id=\"0075bab\" data-element_type=\"widget\" data-e-type=\"widget\" data-widget_type=\"icon-list.default\">\n\t\t\t\t<div class=\"elementor-widget-container\">\n\t\t\t\t\t\t\t<ul class=\"elementor-icon-list-items\">\n\t\t\t\t\t\t\t<li class=\"elementor-icon-list-item\">\n\t\t\t\t\t\t\t\t\t\t\t<span class=\"elementor-icon-list-icon\">\n\t\t\t\t\t\t\t<svg xmlns=\"http:\/\/www.w3.org\/2000\/svg\" id=\"Capa_2\" data-name=\"Capa 2\" viewBox=\"0 0 19 16.29\"><g id=\"Layer_1\" data-name=\"Layer 1\"><path d=\"m14.93,0H4.07C1.82,0,0,1.82,0,4.07v8.14c0,2.25,1.82,4.07,4.07,4.07h10.86c2.25,0,4.07-1.82,4.07-4.07V4.07c0-2.25-1.82-4.07-4.07-4.07Zm0,.9c.86,0,1.65.34,2.22.9l-5.4,5.4c-1.24,1.24-3.24,1.24-4.48,0L1.85,1.81c.57-.56,1.36-.9,2.22-.9h10.86Zm3.17,11.31c0,1.75-1.42,3.17-3.17,3.17H4.07c-1.75,0-3.17-1.42-3.17-3.17V4.07c0-.56.14-1.08.4-1.54l5.32,5.32c.8.8,1.84,1.19,2.88,1.19s2.08-.4,2.88-1.19l5.32-5.32c.25.45.4.98.4,1.54v8.14h0Z\"><\/path><\/g><\/svg>\t\t\t\t\t\t<\/span>\n\t\t\t\t\t\t\t\t\t\t<span class=\"elementor-icon-list-text\">CORREO ELECTR\u00d3NICO<\/span>\n\t\t\t\t\t\t\t\t\t<\/li>\n\t\t\t\t\t\t<\/ul>\n\t\t\t\t\t\t<\/div>\n\t\t\t\t<\/div>\n\t\t\t\t<div class=\"elementor-element elementor-element-e9666db elementor-widget elementor-widget-text-editor\" data-id=\"e9666db\" data-element_type=\"widget\" data-e-type=\"widget\" data-widget_type=\"text-editor.default\">\n\t\t\t\t<div class=\"elementor-widget-container\">\n\t\t\t\t\t\t\t\t\t<span style=\"color: #ffffff;\"><a style=\"color: #ffffff;\" href=\"mailto:info@torresmella.com\">info@torresmella.com<\/a><\/span> \t\t\t\t\t\t\t\t<\/div>\n\t\t\t\t<\/div>\n\t\t\t\t<\/div>\n\t\t<div class=\"elementor-element elementor-element-406cb5a e-con-full e-flex e-con e-child\" data-id=\"406cb5a\" data-element_type=\"container\" data-e-type=\"container\" data-settings=\"{&quot;background_background&quot;:&quot;classic&quot;,&quot;jet_parallax_layout_list&quot;:[],&quot;_ha_eqh_enable&quot;:false}\">\n\t\t\t\t<div class=\"elementor-element elementor-element-1db9ab6 ha-form-btn--center elementor-widget__width-initial elementor-widget elementor-widget-ha-wpform happy-addon ha-wpform\" data-id=\"1db9ab6\" data-element_type=\"widget\" data-e-type=\"widget\" data-widget_type=\"ha-wpform.default\">\n\t\t\t\t<div class=\"elementor-widget-container\">\n\t\t\t\t\t<style id=\"wpforms-css-vars-427\">\n\t\t\t\t#wpforms-427 {\n\t\t\t\t\n\t\t\t}\n\t\t\t<\/style><div class=\"wpforms-container wpforms-container-full wpforms-render-modern\" id=\"wpforms-427\"><form id=\"wpforms-form-427\" class=\"wpforms-validate wpforms-form wpforms-ajax-form\" data-formid=\"427\" method=\"post\" enctype=\"multipart\/form-data\" action=\"\/en\/wp-json\/wp\/v2\/pages\/72\" data-token=\"41b3d937117c882abbb9150731aadb39\" data-token-time=\"1776575285\"><noscript class=\"wpforms-error-noscript\">Please enable JavaScript in your browser to complete this form.<\/noscript><div id=\"wpforms-error-noscript\" style=\"display: none;\">Please enable JavaScript in your browser to complete this form.<\/div><div class=\"wpforms-field-container\">\t\t<div id=\"wpforms-427-field_4-container\"\n\t\t\tclass=\"wpforms-field wpforms-field-text\"\n\t\t\tdata-field-type=\"text\"\n\t\t\tdata-field-id=\"4\"\n\t\t\t>\n\t\t\t<label class=\"wpforms-field-label\" for=\"wpforms-427-field_4\" >NOMBRE EMAIL MENSAJE<\/label>\n\t\t\t<input type=\"text\" id=\"wpforms-427-field_4\" class=\"wpforms-field-medium\" name=\"wpforms[fields][4]\" >\n\t\t<\/div>\n\t\t<div id=\"wpforms-427-field_1-container\" class=\"wpforms-field wpforms-field-name\" data-field-id=\"1\"><label class=\"wpforms-field-label wpforms-label-hide\" for=\"wpforms-427-field_1\" aria-hidden=\"false\">NOMBRE <span class=\"wpforms-required-label\" aria-hidden=\"true\">*<\/span><\/label><input type=\"text\" id=\"wpforms-427-field_1\" class=\"wpforms-field-large wpforms-field-required\" name=\"wpforms[fields][1]\" placeholder=\"NOMBRE\" aria-errormessage=\"wpforms-427-field_1-error\" required><\/div><div id=\"wpforms-427-field_2-container\" class=\"wpforms-field wpforms-field-email\" data-field-id=\"2\"><label class=\"wpforms-field-label wpforms-label-hide\" for=\"wpforms-427-field_2\" aria-hidden=\"false\">EMAIL <span class=\"wpforms-required-label\" aria-hidden=\"true\">*<\/span><\/label><input type=\"email\" id=\"wpforms-427-field_2\" class=\"wpforms-field-large wpforms-field-required\" name=\"wpforms[fields][2]\" placeholder=\"EMAIL\" spellcheck=\"false\" aria-errormessage=\"wpforms-427-field_2-error\" required><\/div><div id=\"wpforms-427-field_3-container\" class=\"wpforms-field wpforms-field-textarea\" data-field-id=\"3\"><label class=\"wpforms-field-label wpforms-label-hide\" for=\"wpforms-427-field_3\" aria-hidden=\"false\">MENSAJE <span class=\"wpforms-required-label\" aria-hidden=\"true\">*<\/span><\/label><textarea id=\"wpforms-427-field_3\" class=\"wpforms-field-medium wpforms-field-required\" name=\"wpforms[fields][3]\" placeholder=\"MENSAJE\" aria-errormessage=\"wpforms-427-field_3-error\" required><\/textarea><\/div><script>\n\t\t\t\t( function() {\n\t\t\t\t\tconst style = document.createElement( 'style' );\n\t\t\t\t\tstyle.appendChild( document.createTextNode( '#wpforms-427-field_4-container { position: absolute !important; overflow: hidden !important; display: inline !important; height: 1px !important; width: 1px !important; z-index: -1000 !important; padding: 0 !important; } #wpforms-427-field_4-container input { visibility: hidden; } #wpforms-conversational-form-page #wpforms-427-field_4-container label { counter-increment: none; }' ) );\n\t\t\t\t\tdocument.head.appendChild( style );\n\t\t\t\t\tdocument.currentScript?.remove();\n\t\t\t\t} )();\n\t\t\t<\/script><\/div><!-- .wpforms-field-container --><div class=\"wpforms-submit-container\" ><input type=\"hidden\" name=\"wpforms[id]\" value=\"427\"><input type=\"hidden\" name=\"page_title\" value=\"\"><input type=\"hidden\" name=\"page_url\" value=\"https:\/\/torresmella.com\/en\/wp-json\/wp\/v2\/pages\/72\"><input type=\"hidden\" name=\"url_referer\" value=\"\"><button type=\"submit\" name=\"wpforms[submit]\" id=\"wpforms-submit-427\" class=\"wpforms-submit\" data-alt-text=\"ENVIANDO...\" data-submit-text=\"ENVIAR\" aria-live=\"assertive\" value=\"wpforms-submit\">ENVIAR<\/button><img decoding=\"async\" src=\"https:\/\/torresmella.com\/wp-content\/plugins\/wpforms-lite\/assets\/images\/submit-spin.svg\" class=\"wpforms-submit-spinner\" style=\"display: none;\" width=\"26\" height=\"26\" alt=\"Loading\"><\/div><\/form><\/div>  <!-- .wpforms-container -->\t\t\t\t<\/div>\n\t\t\t\t<\/div>\n\t\t\t\t<\/div>\n\t\t\t\t\t<\/div>\n\t\t\t\t<\/div>\n\t\t\t\t<\/div>\n\t\t","protected":false},"excerpt":{"rendered":"<p>CONT\u00c1CTANOS En Torres Mella Co., estamos listos para impulsar tu marca. Ya sea que busques estrategias de marketing innovadoras o una campa\u00f1a de publicidad que deje huella, estamos aqu\u00ed para ayudarte. Cont\u00e1ctanos y descubramos juntos c\u00f3mo llevar tu marca al siguiente nivel. CORREO ELECTR\u00d3NICO info@torresmella.com Please enable JavaScript in your browser to complete this form.Please [&hellip;]<\/p>\n","protected":false},"author":1,"featured_media":0,"parent":0,"menu_order":0,"comment_status":"closed","ping_status":"closed","template":"elementor_header_footer","meta":{"footnotes":""},"class_list":["post-72","page","type-page","status-publish","hentry"],"yoast_head":"<!-- This site is optimized with the Yoast SEO plugin v27.0 - https:\/\/yoast.com\/product\/yoast-seo-wordpress\/ -->\n<title>Marketing Digital | Torres Mella<\/title>\n<meta name=\"description\" content=\"Fundada por Adriana Torres Mella, nuestra agencia se ha convertido en un faro de creatividad e innovaci\u00f3n en el mundo del marketing digital.\" \/>\n<meta name=\"robots\" content=\"index, follow, max-snippet:-1, max-image-preview:large, max-video-preview:-1\" \/>\n<link rel=\"canonical\" href=\"https:\/\/torresmella.com\/en\/contacto\/\" \/>\n<meta property=\"og:locale\" content=\"en_US\" \/>\n<meta property=\"og:type\" content=\"article\" \/>\n<meta property=\"og:title\" content=\"Marketing Digital | Torres Mella\" \/>\n<meta property=\"og:description\" content=\"Fundada por Adriana Torres Mella, nuestra agencia se ha convertido en un faro de creatividad e innovaci\u00f3n en el mundo del marketing digital.\" \/>\n<meta property=\"og:url\" content=\"https:\/\/torresmella.com\/en\/contacto\/\" \/>\n<meta property=\"og:site_name\" content=\"Torres Mella\" \/>\n<meta property=\"article:publisher\" content=\"https:\/\/www.facebook.com\/share\/1DCTXfQMSm\/?mibextid=LQQJ4d\" \/>\n<meta property=\"article:modified_time\" content=\"2024-12-12T00:14:39+00:00\" \/>\n<meta property=\"og:image\" content=\"https:\/\/torresmella.com\/wp-content\/plugins\/wpforms-lite\/assets\/images\/submit-spin.svg\" \/>\n<meta name=\"twitter:card\" content=\"summary_large_image\" \/>\n<script type=\"application\/ld+json\" class=\"yoast-schema-graph\">{\"@context\":\"https:\/\/schema.org\",\"@graph\":[{\"@type\":\"WebPage\",\"@id\":\"https:\/\/torresmella.com\/contacto\/\",\"url\":\"https:\/\/torresmella.com\/contacto\/\",\"name\":\"Marketing Digital | Torres Mella\",\"isPartOf\":{\"@id\":\"https:\/\/torresmella.com\/#website\"},\"primaryImageOfPage\":{\"@id\":\"https:\/\/torresmella.com\/contacto\/#primaryimage\"},\"image\":{\"@id\":\"https:\/\/torresmella.com\/contacto\/#primaryimage\"},\"thumbnailUrl\":\"https:\/\/torresmella.com\/wp-content\/plugins\/wpforms-lite\/assets\/images\/submit-spin.svg\",\"datePublished\":\"2024-11-21T00:15:57+00:00\",\"dateModified\":\"2024-12-12T00:14:39+00:00\",\"description\":\"Fundada por Adriana Torres Mella, nuestra agencia se ha convertido en un faro de creatividad e innovaci\u00f3n en el mundo del marketing digital.\",\"breadcrumb\":{\"@id\":\"https:\/\/torresmella.com\/contacto\/#breadcrumb\"},\"inLanguage\":\"en-US\",\"potentialAction\":[{\"@type\":\"ReadAction\",\"target\":[\"https:\/\/torresmella.com\/contacto\/\"]}]},{\"@type\":\"ImageObject\",\"inLanguage\":\"en-US\",\"@id\":\"https:\/\/torresmella.com\/contacto\/#primaryimage\",\"url\":\"https:\/\/torresmella.com\/wp-content\/plugins\/wpforms-lite\/assets\/images\/submit-spin.svg\",\"contentUrl\":\"https:\/\/torresmella.com\/wp-content\/plugins\/wpforms-lite\/assets\/images\/submit-spin.svg\"},{\"@type\":\"BreadcrumbList\",\"@id\":\"https:\/\/torresmella.com\/contacto\/#breadcrumb\",\"itemListElement\":[{\"@type\":\"ListItem\",\"position\":1,\"name\":\"Home\",\"item\":\"https:\/\/torresmella.com\/\"},{\"@type\":\"ListItem\",\"position\":2,\"name\":\"Contacto\"}]},{\"@type\":\"WebSite\",\"@id\":\"https:\/\/torresmella.com\/#website\",\"url\":\"https:\/\/torresmella.com\/\",\"name\":\"Torres Mella\",\"description\":\"Marketing Digital\",\"publisher\":{\"@id\":\"https:\/\/torresmella.com\/#organization\"},\"potentialAction\":[{\"@type\":\"SearchAction\",\"target\":{\"@type\":\"EntryPoint\",\"urlTemplate\":\"https:\/\/torresmella.com\/?s={search_term_string}\"},\"query-input\":{\"@type\":\"PropertyValueSpecification\",\"valueRequired\":true,\"valueName\":\"search_term_string\"}}],\"inLanguage\":\"en-US\"},{\"@type\":\"Organization\",\"@id\":\"https:\/\/torresmella.com\/#organization\",\"name\":\"Torres Mella\",\"url\":\"https:\/\/torresmella.com\/\",\"logo\":{\"@type\":\"ImageObject\",\"inLanguage\":\"en-US\",\"@id\":\"https:\/\/torresmella.com\/#\/schema\/logo\/image\/\",\"url\":\"https:\/\/torresmella.com\/wp-content\/uploads\/2024\/11\/Icono-de-sobre-nosotros.png\",\"contentUrl\":\"https:\/\/torresmella.com\/wp-content\/uploads\/2024\/11\/Icono-de-sobre-nosotros.png\",\"width\":1202,\"height\":1109,\"caption\":\"Torres Mella\"},\"image\":{\"@id\":\"https:\/\/torresmella.com\/#\/schema\/logo\/image\/\"},\"sameAs\":[\"https:\/\/www.facebook.com\/share\/1DCTXfQMSm\/?mibextid=LQQJ4d\"]}]}<\/script>\n<!-- \/ Yoast SEO plugin. -->","yoast_head_json":{"title":"Marketing Digital | Torres Mella","description":"Fundada por Adriana Torres Mella, nuestra agencia se ha convertido en un faro de creatividad e innovaci\u00f3n en el mundo del marketing digital.","robots":{"index":"index","follow":"follow","max-snippet":"max-snippet:-1","max-image-preview":"max-image-preview:large","max-video-preview":"max-video-preview:-1"},"canonical":"https:\/\/torresmella.com\/en\/contacto\/","og_locale":"en_US","og_type":"article","og_title":"Marketing Digital | Torres Mella","og_description":"Fundada por Adriana Torres Mella, nuestra agencia se ha convertido en un faro de creatividad e innovaci\u00f3n en el mundo del marketing digital.","og_url":"https:\/\/torresmella.com\/en\/contacto\/","og_site_name":"Torres Mella","article_publisher":"https:\/\/www.facebook.com\/share\/1DCTXfQMSm\/?mibextid=LQQJ4d","article_modified_time":"2024-12-12T00:14:39+00:00","og_image":[{"url":"https:\/\/torresmella.com\/wp-content\/plugins\/wpforms-lite\/assets\/images\/submit-spin.svg","type":"","width":"","height":""}],"twitter_card":"summary_large_image","schema":{"@context":"https:\/\/schema.org","@graph":[{"@type":"WebPage","@id":"https:\/\/torresmella.com\/contacto\/","url":"https:\/\/torresmella.com\/contacto\/","name":"Marketing Digital | Torres Mella","isPartOf":{"@id":"https:\/\/torresmella.com\/#website"},"primaryImageOfPage":{"@id":"https:\/\/torresmella.com\/contacto\/#primaryimage"},"image":{"@id":"https:\/\/torresmella.com\/contacto\/#primaryimage"},"thumbnailUrl":"https:\/\/torresmella.com\/wp-content\/plugins\/wpforms-lite\/assets\/images\/submit-spin.svg","datePublished":"2024-11-21T00:15:57+00:00","dateModified":"2024-12-12T00:14:39+00:00","description":"Fundada por Adriana Torres Mella, nuestra agencia se ha convertido en un faro de creatividad e innovaci\u00f3n en el mundo del marketing digital.","breadcrumb":{"@id":"https:\/\/torresmella.com\/contacto\/#breadcrumb"},"inLanguage":"en-US","potentialAction":[{"@type":"ReadAction","target":["https:\/\/torresmella.com\/contacto\/"]}]},{"@type":"ImageObject","inLanguage":"en-US","@id":"https:\/\/torresmella.com\/contacto\/#primaryimage","url":"https:\/\/torresmella.com\/wp-content\/plugins\/wpforms-lite\/assets\/images\/submit-spin.svg","contentUrl":"https:\/\/torresmella.com\/wp-content\/plugins\/wpforms-lite\/assets\/images\/submit-spin.svg"},{"@type":"BreadcrumbList","@id":"https:\/\/torresmella.com\/contacto\/#breadcrumb","itemListElement":[{"@type":"ListItem","position":1,"name":"Home","item":"https:\/\/torresmella.com\/"},{"@type":"ListItem","position":2,"name":"Contacto"}]},{"@type":"WebSite","@id":"https:\/\/torresmella.com\/#website","url":"https:\/\/torresmella.com\/","name":"Torres Mella","description":"Marketing Digital","publisher":{"@id":"https:\/\/torresmella.com\/#organization"},"potentialAction":[{"@type":"SearchAction","target":{"@type":"EntryPoint","urlTemplate":"https:\/\/torresmella.com\/?s={search_term_string}"},"query-input":{"@type":"PropertyValueSpecification","valueRequired":true,"valueName":"search_term_string"}}],"inLanguage":"en-US"},{"@type":"Organization","@id":"https:\/\/torresmella.com\/#organization","name":"Torres Mella","url":"https:\/\/torresmella.com\/","logo":{"@type":"ImageObject","inLanguage":"en-US","@id":"https:\/\/torresmella.com\/#\/schema\/logo\/image\/","url":"https:\/\/torresmella.com\/wp-content\/uploads\/2024\/11\/Icono-de-sobre-nosotros.png","contentUrl":"https:\/\/torresmella.com\/wp-content\/uploads\/2024\/11\/Icono-de-sobre-nosotros.png","width":1202,"height":1109,"caption":"Torres Mella"},"image":{"@id":"https:\/\/torresmella.com\/#\/schema\/logo\/image\/"},"sameAs":["https:\/\/www.facebook.com\/share\/1DCTXfQMSm\/?mibextid=LQQJ4d"]}]}},"_links":{"self":[{"href":"https:\/\/torresmella.com\/en\/wp-json\/wp\/v2\/pages\/72","targetHints":{"allow":["GET"]}}],"collection":[{"href":"https:\/\/torresmella.com\/en\/wp-json\/wp\/v2\/pages"}],"about":[{"href":"https:\/\/torresmella.com\/en\/wp-json\/wp\/v2\/types\/page"}],"author":[{"embeddable":true,"href":"https:\/\/torresmella.com\/en\/wp-json\/wp\/v2\/users\/1"}],"replies":[{"embeddable":true,"href":"https:\/\/torresmella.com\/en\/wp-json\/wp\/v2\/comments?post=72"}],"version-history":[{"count":172,"href":"https:\/\/torresmella.com\/en\/wp-json\/wp\/v2\/pages\/72\/revisions"}],"predecessor-version":[{"id":2140,"href":"https:\/\/torresmella.com\/en\/wp-json\/wp\/v2\/pages\/72\/revisions\/2140"}],"wp:attachment":[{"href":"https:\/\/torresmella.com\/en\/wp-json\/wp\/v2\/media?parent=72"}],"curies":[{"name":"wp","href":"https:\/\/api.w.org\/{rel}","templated":true}]}}